{"id":509,"date":"2021-06-05T12:45:59","date_gmt":"2021-06-05T10:45:59","guid":{"rendered":"https:\/\/robertkubiszyn.com\/?page_id=509"},"modified":"2024-02-05T20:22:45","modified_gmt":"2024-02-05T19:22:45","slug":"koncerty","status":"publish","type":"page","link":"https:\/\/robertkubiszyn.com\/en\/index.php\/koncerty\/","title":{"rendered":"Live"},"content":{"rendered":"\n<p style=\"font-size:24px\"><strong>2021<\/strong><\/p>\n\n\n\n<p><strong><em>JUNE:<\/em><\/strong><\/p>\n\n\n\n<p>05.06 &#8211; Anna Maria Jopek Band &#8211; BOK. Bia\u0142ystok<\/p>\n\n\n\n<p>06.06 &#8211; Grzegorz Turnau &#8220;Koncert Imieninowy&#8221; &#8211; Klub Studio, Krak\u00f3w<\/p>\n\n\n\n<p>07.06 &#8211; Grzegorz Turnau &#8220;Koncert Imieninowy&#8221; &#8211; Klub Studio, Krak\u00f3w<\/p>\n\n\n\n<p>08.06 &#8211; Anna Maria Jopek Band &#8211; MOK &#8211; Jastrz\u0119bie Zdr\u00f3j<\/p>\n\n\n\n<p>10.06 &#8211; Anna Maria Jopek Band &#8211; Divadlo Komedie, Prague, Czech Republic<\/p>\n\n\n\n<p>11.06 &#8211; Henryk Mi\u015bkiewicz &#8220;Full Drive&#8221; Stream Live Polskie Radio 18:00<\/p>\n\n\n\n<p>23.06 &#8211; Marta Wajdzik Band &#8211; Wadowice<\/p>\n\n\n\n<p>24.06 &#8211; Marta Wajdzik Band &#8211; Lw\u00f3w, Ukraine<\/p>\n\n\n\n<p>26.06 &#8211; Krzysztof Cugowski &#8211; Ka\u0142uszyn<\/p>\n\n\n\n<p><strong><em>MAY:<\/em><\/strong><\/p>\n\n\n\n<p>13.05 &#8211; Marta Wajdzik Band &#8211; Woman in Jazz Fest. Halle, Germany<\/p>\n\n\n\n<p>15.05 &#8211; Anna Maria Jopek Band &#8211; Woman in Jazz Fest. Halle, Germany<\/p>\n\n\n\n<p>28.05 &#8211; Grzegorz Turnau &#8211; Winnica Turnau. Baniewice, PL<\/p>\n\n\n\n<p>29.05 &#8211; Grzegorz Turnau O.F.P.DiM. FUMA. Zielona G\u00f3ra<\/p>\n\n\n\n<p>31.05 &#8211; Krzysztof Cugowski &#8211; Filharmonia Szczeci\u0144ska<\/p>\n","protected":false},"excerpt":{"rendered":"<p>2021 JUNE: 05.06 &#8211; Anna Maria Jopek Band &#8211; BOK. Bia\u0142ystok 06.06 &#8211; Grzegorz Turnau &#8220;Koncert Imieninowy&#8221; &#8211; Klub Studio, Krak\u00f3w 07.06 &#8211; Grzegorz Turnau &#8220;Koncert Imieninowy&#8221; &#8211; Klub Studio, Krak\u00f3w 08.06 &#8211; Anna Maria Jopek Band &#8211; MOK &#8211; Jastrz\u0119bie Zdr\u00f3j 10.06 &#8211; Anna Maria Jopek Band &#8211; Divadlo Komedie, Prague, Czech Republic 11.06 &#8211; Henryk Mi\u015bkiewicz &#8220;Full Drive&#8221; Stream Live Polskie Radio 18:00 23.06 &#8211; Marta Wajdzik Band &#8211; Wadowice 24.06 &#8211; Marta Wajdzik Band &#8211; Lw\u00f3w, Ukraine 26.06 &#8211; Krzysztof Cugowski &#8211; Ka\u0142uszyn MAY: 13.05 &#8211; Marta Wajdzik Band &#8211; Woman in Jazz Fest. Halle, Germany 15.05 &#8211; Anna Maria Jopek Band &#8211; Woman in Jazz Fest. Halle, Germany 28.05 &#8211; Grzegorz Turnau &#8211; Winnica Turnau. Baniewice, PL 29.05 &#8211; Grzegorz Turnau O.F.P.DiM. FUMA. Zielona G\u00f3ra 31.05 &#8211; Krzysztof Cugowski &#8211; Filharmonia Szczeci\u0144ska<\/p>\n","protected":false},"author":3,"featured_media":0,"parent":0,"menu_order":0,"comment_status":"closed","ping_status":"closed","template":"","meta":{"footnotes":""},"class_list":["post-509","page","type-page","status-publish","hentry"],"acf":[],"_links":{"self":[{"href":"https:\/\/robertkubiszyn.com\/en\/index.php\/wp-json\/wp\/v2\/pages\/509","targetHints":{"allow":["GET"]}}],"collection":[{"href":"https:\/\/robertkubiszyn.com\/en\/index.php\/wp-json\/wp\/v2\/pages"}],"about":[{"href":"https:\/\/robertkubiszyn.com\/en\/index.php\/wp-json\/wp\/v2\/types\/page"}],"author":[{"embeddable":true,"href":"https:\/\/robertkubiszyn.com\/en\/index.php\/wp-json\/wp\/v2\/users\/3"}],"replies":[{"embeddable":true,"href":"https:\/\/robertkubiszyn.com\/en\/index.php\/wp-json\/wp\/v2\/comments?post=509"}],"version-history":[{"count":8,"href":"https:\/\/robertkubiszyn.com\/en\/index.php\/wp-json\/wp\/v2\/pages\/509\/revisions"}],"predecessor-version":[{"id":519,"href":"https:\/\/robertkubiszyn.com\/en\/index.php\/wp-json\/wp\/v2\/pages\/509\/revisions\/519"}],"wp:attachment":[{"href":"https:\/\/robertkubiszyn.com\/en\/index.php\/wp-json\/wp\/v2\/media?parent=509"}],"curies":[{"name":"wp","href":"https:\/\/api.w.org\/{rel}","templated":true}]}}