{"id":7,"date":"2021-05-10T13:06:26","date_gmt":"2021-05-10T11:06:26","guid":{"rendered":"https:\/\/robertkubiszyn.com\/?page_id=7"},"modified":"2026-02-05T13:11:24","modified_gmt":"2026-02-05T12:11:24","slug":"biografia","status":"publish","type":"page","link":"https:\/\/robertkubiszyn.com\/en\/","title":{"rendered":"Biography"},"content":{"rendered":"\n<p><strong>Robert Kubiszyn<\/strong>&nbsp;&#8211; acoustic and electric bass player, composer and producer. Born in Cracow, Poland.<br>Robert is one of the most versatile and in-demand bassists of the Polish scene. He is well known for his talents on both the acoustic and the electric bass guitar.<br>He has performed as a session musician and sideman throughout his career with a large list of Polish and worldwide artists, with whom he has worked throughout the years, spanning his talent and abilities from jazz to pop. <\/p>\n\n\n\n<p>Winner of the first place in the Jazz Forum magazine&#8217;s Readers&#8217; Poll &#8211; Jazz Top 2023 in the Bass Guitarist of the Year category.<\/p>\n\n\n\n<p>His discography is over 150 long play albums, recorded with various artists.<\/p>\n\n\n\n<p>Robert\u2019s recent studio and stage collaborations include (among others):<br>Anna Maria Jopek, with whom he cooperated during her many projects, featuring such legendary artists as Pat Metheny, Makoto Ozone, Gonzalo Rubalcaba, Branford Marsalis, Oscar Castroneves, Richard Bona, Dhafer Youssef, Gil Goldstein, Mino Cinelu.&nbsp;<br>Gregoire Maret Band, which featured Federico Gonzalez Pena, John Beasley, Jon Cowherd, Kevin Hays, Romain Collin, Jeff \u201cTain\u201dWatts, Clarence Penn, Eric Harland, Kendrick Scott, Marcus Baylor, Arthur Hnatek, Magnus \u00d6str\u00d6m, Liz Wright, Christie Dashiell.<br>Adam Pieronczyk Band which featured Anthony Joseph, Nelson Veras, John B Arnold, Hernan Hecht.&nbsp;<br>Michael \u201cPatches\u201d Stewart, Krzysztof Cugowski, Krzysztof Herdzin, Henryk Miskiewicz, Dorota Mi\u015bkiewicz,  Krzysztof Napi\u00f3rkowski, Marek Napi\u00f3rkowski, Grzegorz Turnau.<\/p>\n\n\n\n<p>Robert also worked with many other great musicians such as: Vinnie Colaiuta, Mino Cinelu, Dean Brown, Gary Husband, Jon Herrington, Frank McComb, David Fingers Haynes, Janusz Muniak, Tomasz Sta\u0144ko, Zbigniew Namyslowski, Maria Schneider with Krzysztof Herdzin Orchestra, Krzysztof Zawadzki, Urszula Dudziak, Micha\u0142 Urbaniak, Anna Jurksztowicz, Natalia Kukulska, Kuba Badach, Mieczys\u0142aw Szcze\u015bniak, Ania Szarmach.<\/p>\n\n\n\n<p>Robert is also a renowned producer and arranger for other artists. His latest most prominent engagement was the production of the newest album by Michael Patches Stewart, one of the best American trumpeters \u2014 \u201dOn Fire&#8221; , featuring artists such as Kenny Garett, George Duke, Raul Midon, Poogie Bell, Paul Jackson Jr.&nbsp;<\/p>\n\n\n\n<p>He also co-produced four albums for Universal Music entitled: \u201cNap\u201d, \u201cWolno\u201d(gold record), \u201cKonKubiNap\u201d , &#8220;Up!&#8221; and one for Agora \u201cWAW-NYC\u201d by Polish jazz star guitarist Marek Napi\u00f3rkowski.<\/p>\n\n\n\n<p>Robert\u2019s first solo album &#8220;Before Sunrise&#8221; was released on November 5th, 2010 by Proa Records and Universal Music. The album was nomitated in fourth categories in the prestigious Polish music awards &#8220;Fryderyk&#8221; and finally received the prize for &#8220;The Best Jazz Debute\u201d.<\/p>\n\n\n\n<p>Together with Gregoire Maret, he was involved in the process of creating music, recorded, and mixed soundtracks for two films directed by Swiss filmmaker Fred Baillif: &#8220;La Preuve Scientifique de L&#8217;Existence de Dieu&#8221; (2019), featuring the acclaimed French actress Ir\u00e8ne Jacob, and &#8220;La mif&#8221; (2021), which received the Berlin International Film Festival award in 2022.<\/p>\n\n\n\n<p>In the production of albums for other artists, Robert demonstrated his sound engineering skills, mixing and mastering the following releases: Cezary Konrad &#8211; &#8220;On Classical,&#8221; Krzysztof Dziedzic &#8211; &#8220;Tempo,&#8221; Daniel Popia\u0142kiewicz &#8211; &#8220;Nada,&#8221; Anna Jurksztowicz &#8211; &#8220;Dzi\u0119kuj\u0119 nie ta\u0144cz\u0119 Live 21,&#8221; Andrzej Gondek &#8211; &#8220;MAZE,&#8221; Andrzej \u015awi\u0119s &#8211; &#8220;Flying Lion,&#8221; Krzysztof Herdzin &#8211; &#8220;Heart to Heart.&#8221;<\/p>\n","protected":false},"excerpt":{"rendered":"<p>Robert Kubiszyn&nbsp;&#8211; acoustic and electric bass player, composer and producer. Born in Cracow, Poland.Robert is one of the most versatile and in-demand bassists of the Polish scene. He is well known for his talents on both the acoustic and the electric bass guitar.He has performed as a session musician and sideman throughout his career with a large list of Polish and worldwide artists, with whom he has worked throughout the years, spanning his talent and abilities from jazz to pop. Winner of the first place in the Jazz Forum magazine&#8217;s Readers&#8217; Poll &#8211; Jazz Top 2023 in the Bass Guitarist of the Year category. His discography is over 150 long play albums, recorded with various artists. Robert\u2019s recent studio and stage collaborations include (among others):Anna Maria Jopek, with whom he cooperated during her many projects, featuring such legendary artists as Pat Metheny, Makoto Ozone, Gonzalo Rubalcaba, Branford Marsalis, Oscar Castroneves, Richard Bona, Dhafer Youssef, Gil Goldstein, Mino Cinelu.&nbsp;Gregoire Maret Band, which featured Federico Gonzalez Pena, John Beasley, Jon Cowherd, Kevin Hays, Romain Collin, Jeff \u201cTain\u201dWatts, Clarence Penn, Eric Harland, Kendrick Scott, Marcus Baylor, Arthur Hnatek, Magnus \u00d6str\u00d6m, Liz Wright, Christie Dashiell.Adam Pieronczyk Band which featured Anthony Joseph, Nelson Veras, John B Arnold, Hernan Hecht.&nbsp;Michael \u201cPatches\u201d Stewart, Krzysztof Cugowski, Krzysztof Herdzin, Henryk Miskiewicz, Dorota Mi\u015bkiewicz, Krzysztof Napi\u00f3rkowski, Marek Napi\u00f3rkowski, Grzegorz Turnau. Robert also worked with many other great musicians such as: Vinnie Colaiuta, Mino Cinelu, Dean Brown, Gary Husband, Jon Herrington, Frank McComb, David Fingers Haynes, Janusz Muniak, Tomasz Sta\u0144ko, Zbigniew Namyslowski, Maria Schneider with Krzysztof Herdzin Orchestra, Krzysztof Zawadzki, Urszula Dudziak, Micha\u0142 Urbaniak, Anna Jurksztowicz, Natalia Kukulska, Kuba Badach, Mieczys\u0142aw Szcze\u015bniak, Ania Szarmach. Robert is also a renowned producer and arranger for other artists. His latest most prominent engagement was the production of the newest album by Michael Patches Stewart, one of the best American trumpeters \u2014 \u201dOn Fire&#8221; , featuring artists such as Kenny Garett, George Duke, Raul Midon, Poogie Bell, Paul Jackson Jr.&nbsp; He also co-produced four albums for Universal Music entitled: \u201cNap\u201d, \u201cWolno\u201d(gold record), \u201cKonKubiNap\u201d , &#8220;Up!&#8221; and one for Agora \u201cWAW-NYC\u201d by Polish jazz star guitarist Marek Napi\u00f3rkowski. Robert\u2019s first solo album &#8220;Before Sunrise&#8221; was released on November 5th, 2010 by Proa Records and Universal Music. The album was nomitated in fourth categories in the prestigious Polish music awards &#8220;Fryderyk&#8221; and finally received the prize for &#8220;The Best Jazz Debute\u201d. Together with Gregoire Maret, he was involved in the process of creating music, recorded, and mixed soundtracks for two films directed by Swiss filmmaker Fred Baillif: &#8220;La Preuve Scientifique de L&#8217;Existence de Dieu&#8221; (2019), featuring the acclaimed French actress Ir\u00e8ne Jacob, and &#8220;La mif&#8221; (2021), which received the Berlin International Film Festival award in 2022. In the production of albums for other artists, Robert demonstrated his sound engineering skills, mixing and mastering the following releases: Cezary Konrad &#8211; &#8220;On Classical,&#8221; Krzysztof Dziedzic &#8211; &#8220;Tempo,&#8221; Daniel Popia\u0142kiewicz &#8211; &#8220;Nada,&#8221; Anna Jurksztowicz &#8211; &#8220;Dzi\u0119kuj\u0119 nie ta\u0144cz\u0119 Live 21,&#8221; Andrzej Gondek &#8211; &#8220;MAZE,&#8221; Andrzej \u015awi\u0119s &#8211; &#8220;Flying Lion,&#8221; Krzysztof Herdzin &#8211; &#8220;Heart to Heart.&#8221;<\/p>\n","protected":false},"author":1,"featured_media":0,"parent":0,"menu_order":0,"comment_status":"closed","ping_status":"closed","template":"","meta":{"footnotes":""},"class_list":["post-7","page","type-page","status-publish","hentry"],"acf":[],"_links":{"self":[{"href":"https:\/\/robertkubiszyn.com\/en\/index.php\/wp-json\/wp\/v2\/pages\/7","targetHints":{"allow":["GET"]}}],"collection":[{"href":"https:\/\/robertkubiszyn.com\/en\/index.php\/wp-json\/wp\/v2\/pages"}],"about":[{"href":"https:\/\/robertkubiszyn.com\/en\/index.php\/wp-json\/wp\/v2\/types\/page"}],"author":[{"embeddable":true,"href":"https:\/\/robertkubiszyn.com\/en\/index.php\/wp-json\/wp\/v2\/users\/1"}],"replies":[{"embeddable":true,"href":"https:\/\/robertkubiszyn.com\/en\/index.php\/wp-json\/wp\/v2\/comments?post=7"}],"version-history":[{"count":21,"href":"https:\/\/robertkubiszyn.com\/en\/index.php\/wp-json\/wp\/v2\/pages\/7\/revisions"}],"predecessor-version":[{"id":711,"href":"https:\/\/robertkubiszyn.com\/en\/index.php\/wp-json\/wp\/v2\/pages\/7\/revisions\/711"}],"wp:attachment":[{"href":"https:\/\/robertkubiszyn.com\/en\/index.php\/wp-json\/wp\/v2\/media?parent=7"}],"curies":[{"name":"wp","href":"https:\/\/api.w.org\/{rel}","templated":true}]}}