{"id":601,"date":"2024-02-02T02:01:28","date_gmt":"2024-02-02T01:01:28","guid":{"rendered":"https:\/\/robertkubiszyn.com\/?page_id=601"},"modified":"2025-02-09T17:22:33","modified_gmt":"2025-02-09T16:22:33","slug":"produkcje","status":"publish","type":"page","link":"https:\/\/robertkubiszyn.com\/index.php\/produkcje\/","title":{"rendered":"Produkcje"},"content":{"rendered":"\n<h1 class=\"wp-block-heading has-text-align-center\">Edycja, miks, mastering<\/h1>\n\n\n\n<figure class=\"wp-block-gallery has-nested-images columns-default is-cropped wp-block-gallery-1 is-layout-flex wp-block-gallery-is-layout-flex\">\n<figure class=\"wp-block-image size-large\"><img loading=\"lazy\" decoding=\"async\" width=\"500\" height=\"500\" data-id=\"605\" src=\"https:\/\/robertkubiszyn.com\/wp-content\/uploads\/2024\/02\/Andrzej-Gondek-Maze-2023.jpg\" alt=\"\" class=\"wp-image-605\" srcset=\"https:\/\/robertkubiszyn.com\/wp-content\/uploads\/2024\/02\/Andrzej-Gondek-Maze-2023.jpg 500w, https:\/\/robertkubiszyn.com\/wp-content\/uploads\/2024\/02\/Andrzej-Gondek-Maze-2023-300x300.jpg 300w, https:\/\/robertkubiszyn.com\/wp-content\/uploads\/2024\/02\/Andrzej-Gondek-Maze-2023-150x150.jpg 150w, https:\/\/robertkubiszyn.com\/wp-content\/uploads\/2024\/02\/Andrzej-Gondek-Maze-2023-75x75.jpg 75w\" sizes=\"auto, (max-width: 500px) 100vw, 500px\" \/><figcaption class=\"wp-element-caption\">Andrzej Gondek &#8211; MAZE(2023)<\/figcaption><\/figure>\n\n\n\n<figure class=\"wp-block-image size-large\"><img loading=\"lazy\" decoding=\"async\" width=\"1024\" height=\"933\" data-id=\"604\" src=\"https:\/\/robertkubiszyn.com\/wp-content\/uploads\/2024\/02\/Andrzej-Swies-Flying-Lion-2023-1024x933.jpg\" alt=\"\" class=\"wp-image-604\" srcset=\"https:\/\/robertkubiszyn.com\/wp-content\/uploads\/2024\/02\/Andrzej-Swies-Flying-Lion-2023-1024x933.jpg 1024w, https:\/\/robertkubiszyn.com\/wp-content\/uploads\/2024\/02\/Andrzej-Swies-Flying-Lion-2023-300x273.jpg 300w, https:\/\/robertkubiszyn.com\/wp-content\/uploads\/2024\/02\/Andrzej-Swies-Flying-Lion-2023-768x700.jpg 768w, https:\/\/robertkubiszyn.com\/wp-content\/uploads\/2024\/02\/Andrzej-Swies-Flying-Lion-2023-1140x1039.jpg 1140w, https:\/\/robertkubiszyn.com\/wp-content\/uploads\/2024\/02\/Andrzej-Swies-Flying-Lion-2023.jpg 1185w\" sizes=\"auto, (max-width: 1024px) 100vw, 1024px\" \/><figcaption class=\"wp-element-caption\">Andrzej \u015awi\u0119s &#8211; Flying Lion (2023)<\/figcaption><\/figure>\n\n\n\n<figure class=\"wp-block-image size-large\"><img loading=\"lazy\" decoding=\"async\" width=\"1024\" height=\"1024\" data-id=\"606\" src=\"https:\/\/robertkubiszyn.com\/wp-content\/uploads\/2024\/02\/Krzysztof-Herdzin-Heart-to-Heart-2023-2-1024x1024.jpg\" alt=\"\" class=\"wp-image-606\" srcset=\"https:\/\/robertkubiszyn.com\/wp-content\/uploads\/2024\/02\/Krzysztof-Herdzin-Heart-to-Heart-2023-2-1024x1024.jpg 1024w, https:\/\/robertkubiszyn.com\/wp-content\/uploads\/2024\/02\/Krzysztof-Herdzin-Heart-to-Heart-2023-2-300x300.jpg 300w, https:\/\/robertkubiszyn.com\/wp-content\/uploads\/2024\/02\/Krzysztof-Herdzin-Heart-to-Heart-2023-2-150x150.jpg 150w, https:\/\/robertkubiszyn.com\/wp-content\/uploads\/2024\/02\/Krzysztof-Herdzin-Heart-to-Heart-2023-2-768x768.jpg 768w, https:\/\/robertkubiszyn.com\/wp-content\/uploads\/2024\/02\/Krzysztof-Herdzin-Heart-to-Heart-2023-2-1140x1140.jpg 1140w, https:\/\/robertkubiszyn.com\/wp-content\/uploads\/2024\/02\/Krzysztof-Herdzin-Heart-to-Heart-2023-2-75x75.jpg 75w, https:\/\/robertkubiszyn.com\/wp-content\/uploads\/2024\/02\/Krzysztof-Herdzin-Heart-to-Heart-2023-2.jpg 1200w\" sizes=\"auto, (max-width: 1024px) 100vw, 1024px\" \/><figcaption class=\"wp-element-caption\">Krzysztof Herdzin &#8211; Heart of Heart(2023)<\/figcaption><\/figure>\n\n\n\n<figure class=\"wp-block-image size-large\"><img loading=\"lazy\" decoding=\"async\" width=\"1024\" height=\"1024\" data-id=\"537\" src=\"https:\/\/robertkubiszyn.com\/wp-content\/uploads\/2021\/10\/Anna-Jurksztowicz-Dzie\u0328kuje\u0328-Nie-Tan\u0301cze\u0328-21-Live-13-1024x1024.jpg\" alt=\"\" class=\"wp-image-537\" srcset=\"https:\/\/robertkubiszyn.com\/wp-content\/uploads\/2021\/10\/Anna-Jurksztowicz-Dzie\u0328kuje\u0328-Nie-Tan\u0301cze\u0328-21-Live-13-1024x1024.jpg 1024w, https:\/\/robertkubiszyn.com\/wp-content\/uploads\/2021\/10\/Anna-Jurksztowicz-Dzie\u0328kuje\u0328-Nie-Tan\u0301cze\u0328-21-Live-13-300x300.jpg 300w, https:\/\/robertkubiszyn.com\/wp-content\/uploads\/2021\/10\/Anna-Jurksztowicz-Dzie\u0328kuje\u0328-Nie-Tan\u0301cze\u0328-21-Live-13-150x150.jpg 150w, https:\/\/robertkubiszyn.com\/wp-content\/uploads\/2021\/10\/Anna-Jurksztowicz-Dzie\u0328kuje\u0328-Nie-Tan\u0301cze\u0328-21-Live-13-768x768.jpg 768w, https:\/\/robertkubiszyn.com\/wp-content\/uploads\/2021\/10\/Anna-Jurksztowicz-Dzie\u0328kuje\u0328-Nie-Tan\u0301cze\u0328-21-Live-13-1140x1140.jpg 1140w, https:\/\/robertkubiszyn.com\/wp-content\/uploads\/2021\/10\/Anna-Jurksztowicz-Dzie\u0328kuje\u0328-Nie-Tan\u0301cze\u0328-21-Live-13-75x75.jpg 75w, https:\/\/robertkubiszyn.com\/wp-content\/uploads\/2021\/10\/Anna-Jurksztowicz-Dzie\u0328kuje\u0328-Nie-Tan\u0301cze\u0328-21-Live-13.jpg 1200w\" sizes=\"auto, (max-width: 1024px) 100vw, 1024px\" \/><figcaption class=\"wp-element-caption\">Anna Jurksztowicz &#8211; Dzi\u0119kuj\u0119 nie ta\u0144cz\u0119 Live 2021<\/figcaption><\/figure>\n\n\n\n<figure class=\"wp-block-image size-large\"><img loading=\"lazy\" decoding=\"async\" width=\"270\" height=\"246\" data-id=\"195\" src=\"https:\/\/robertkubiszyn.com\/wp-content\/uploads\/2021\/05\/Daniel-Popialkiewicz-Nada.jpg\" alt=\"\" class=\"wp-image-195\"\/><figcaption class=\"wp-element-caption\">Daniel Popia\u0142kiewicz &#8211; NADA(2018)<\/figcaption><\/figure>\n\n\n\n<figure class=\"wp-block-image size-large\"><img loading=\"lazy\" decoding=\"async\" width=\"204\" height=\"203\" data-id=\"205\" src=\"https:\/\/robertkubiszyn.com\/wp-content\/uploads\/2021\/05\/Krzysztof-Dziedzic-Tempo.jpg\" alt=\"\" class=\"wp-image-205\" srcset=\"https:\/\/robertkubiszyn.com\/wp-content\/uploads\/2021\/05\/Krzysztof-Dziedzic-Tempo.jpg 204w, https:\/\/robertkubiszyn.com\/wp-content\/uploads\/2021\/05\/Krzysztof-Dziedzic-Tempo-150x150.jpg 150w, https:\/\/robertkubiszyn.com\/wp-content\/uploads\/2021\/05\/Krzysztof-Dziedzic-Tempo-75x75.jpg 75w\" sizes=\"auto, (max-width: 204px) 100vw, 204px\" \/><figcaption class=\"wp-element-caption\">Krzysztof Dziedzic &#8211; Tempo(2017)<\/figcaption><\/figure>\n\n\n\n<figure class=\"wp-block-image size-large\"><img loading=\"lazy\" decoding=\"async\" width=\"300\" height=\"270\" data-id=\"214\" src=\"https:\/\/robertkubiszyn.com\/wp-content\/uploads\/2021\/05\/Cezary-Konrad-On-Classical.jpg\" alt=\"\" class=\"wp-image-214\"\/><figcaption class=\"wp-element-caption\"> Cezary Konrad &#8211; On Classical(2015)<\/figcaption><\/figure>\n<\/figure>\n\n\n\n<p><\/p>\n\n\n\n<div class=\"wp-block-group\"><div class=\"wp-block-group__inner-container is-layout-constrained wp-block-group-is-layout-constrained\"><\/div><\/div>\n\n\n\n<p><\/p>\n\n\n\n<p><\/p>\n\n\n\n<p><\/p>\n\n\n\n<h1 class=\"wp-block-heading has-text-align-center has-x-large-font-size\">Muzyka filmowa<\/h1>\n\n\n\n<p class=\"has-text-align-center\" style=\"font-size:28px\"><strong>Produkcja, aran\u017cacje, sound design, realizacja, edycja, miks<\/strong><\/p>\n\n\n\n<figure class=\"wp-block-gallery has-nested-images columns-default is-cropped wp-block-gallery-2 is-layout-flex wp-block-gallery-is-layout-flex\">\n<figure class=\"wp-block-image size-large\"><img loading=\"lazy\" decoding=\"async\" width=\"716\" height=\"1024\" data-id=\"597\" src=\"https:\/\/robertkubiszyn.com\/wp-content\/uploads\/2024\/02\/La-Preuve-Scientifique-de-LExistence-de-Dieu-2019-1-716x1024.jpg\" alt=\"\" class=\"wp-image-597\" srcset=\"https:\/\/robertkubiszyn.com\/wp-content\/uploads\/2024\/02\/La-Preuve-Scientifique-de-LExistence-de-Dieu-2019-1-716x1024.jpg 716w, https:\/\/robertkubiszyn.com\/wp-content\/uploads\/2024\/02\/La-Preuve-Scientifique-de-LExistence-de-Dieu-2019-1-210x300.jpg 210w, https:\/\/robertkubiszyn.com\/wp-content\/uploads\/2024\/02\/La-Preuve-Scientifique-de-LExistence-de-Dieu-2019-1-768x1098.jpg 768w, https:\/\/robertkubiszyn.com\/wp-content\/uploads\/2024\/02\/La-Preuve-Scientifique-de-LExistence-de-Dieu-2019-1-1074x1536.jpg 1074w, https:\/\/robertkubiszyn.com\/wp-content\/uploads\/2024\/02\/La-Preuve-Scientifique-de-LExistence-de-Dieu-2019-1.jpg 1119w\" sizes=\"auto, (max-width: 716px) 100vw, 716px\" \/><figcaption class=\"wp-element-caption\">2019<\/figcaption><\/figure>\n\n\n\n<figure class=\"wp-block-image size-large\"><img loading=\"lazy\" decoding=\"async\" width=\"683\" height=\"1024\" data-id=\"596\" src=\"https:\/\/robertkubiszyn.com\/wp-content\/uploads\/2024\/02\/La-Mif-2021-1-683x1024.jpeg\" alt=\"\" class=\"wp-image-596\" srcset=\"https:\/\/robertkubiszyn.com\/wp-content\/uploads\/2024\/02\/La-Mif-2021-1-683x1024.jpeg 683w, https:\/\/robertkubiszyn.com\/wp-content\/uploads\/2024\/02\/La-Mif-2021-1-200x300.jpeg 200w, https:\/\/robertkubiszyn.com\/wp-content\/uploads\/2024\/02\/La-Mif-2021-1.jpeg 720w\" sizes=\"auto, (max-width: 683px) 100vw, 683px\" \/><figcaption class=\"wp-element-caption\">2021<\/figcaption><\/figure>\n<\/figure>\n\n\n\n<p class=\"has-text-align-center\">Fred Baillif, muz. Gregoire Maret<\/p>\n\n\n\n<p><\/p>\n\n\n\n<p><\/p>\n\n\n\n<h2 class=\"wp-block-heading has-text-align-center\">Wsp\u00f3\u0142produkcja, edycja<\/h2>\n\n\n\n<figure class=\"wp-block-gallery has-nested-images columns-default is-cropped wp-block-gallery-3 is-layout-flex wp-block-gallery-is-layout-flex\">\n<figure class=\"wp-block-image size-large\"><img loading=\"lazy\" decoding=\"async\" width=\"350\" height=\"350\" data-id=\"470\" src=\"https:\/\/robertkubiszyn.com\/wp-content\/uploads\/2021\/05\/Marek-Napiorkowski-WAW-NYC.jpg\" alt=\"\" class=\"wp-image-470\" srcset=\"https:\/\/robertkubiszyn.com\/wp-content\/uploads\/2021\/05\/Marek-Napiorkowski-WAW-NYC.jpg 350w, https:\/\/robertkubiszyn.com\/wp-content\/uploads\/2021\/05\/Marek-Napiorkowski-WAW-NYC-300x300.jpg 300w, https:\/\/robertkubiszyn.com\/wp-content\/uploads\/2021\/05\/Marek-Napiorkowski-WAW-NYC-150x150.jpg 150w, https:\/\/robertkubiszyn.com\/wp-content\/uploads\/2021\/05\/Marek-Napiorkowski-WAW-NYC-75x75.jpg 75w\" sizes=\"auto, (max-width: 350px) 100vw, 350px\" \/><figcaption class=\"wp-element-caption\">2017<\/figcaption><\/figure>\n\n\n\n<figure class=\"wp-block-image size-large\"><img loading=\"lazy\" decoding=\"async\" width=\"1024\" height=\"1015\" data-id=\"227\" src=\"https:\/\/robertkubiszyn.com\/wp-content\/uploads\/2021\/05\/Marek-Napio\u0301rkowski-UP-1024x1015.jpg\" alt=\"\" class=\"wp-image-227\" srcset=\"https:\/\/robertkubiszyn.com\/wp-content\/uploads\/2021\/05\/Marek-Napio\u0301rkowski-UP-1024x1015.jpg 1024w, https:\/\/robertkubiszyn.com\/wp-content\/uploads\/2021\/05\/Marek-Napio\u0301rkowski-UP-300x297.jpg 300w, https:\/\/robertkubiszyn.com\/wp-content\/uploads\/2021\/05\/Marek-Napio\u0301rkowski-UP-150x150.jpg 150w, https:\/\/robertkubiszyn.com\/wp-content\/uploads\/2021\/05\/Marek-Napio\u0301rkowski-UP-768x762.jpg 768w, https:\/\/robertkubiszyn.com\/wp-content\/uploads\/2021\/05\/Marek-Napio\u0301rkowski-UP-1140x1130.jpg 1140w, https:\/\/robertkubiszyn.com\/wp-content\/uploads\/2021\/05\/Marek-Napio\u0301rkowski-UP-75x75.jpg 75w, https:\/\/robertkubiszyn.com\/wp-content\/uploads\/2021\/05\/Marek-Napio\u0301rkowski-UP.jpg 1429w\" sizes=\"auto, (max-width: 1024px) 100vw, 1024px\" \/><figcaption class=\"wp-element-caption\">2013<\/figcaption><\/figure>\n\n\n\n<figure class=\"wp-block-image size-large\"><img loading=\"lazy\" decoding=\"async\" width=\"1024\" height=\"920\" data-id=\"262\" src=\"https:\/\/robertkubiszyn.com\/wp-content\/uploads\/2021\/05\/Marek-Napio\u0301rkowski-KonKubiNap-1024x920.jpg\" alt=\"\" class=\"wp-image-262\" srcset=\"https:\/\/robertkubiszyn.com\/wp-content\/uploads\/2021\/05\/Marek-Napio\u0301rkowski-KonKubiNap-1024x920.jpg 1024w, https:\/\/robertkubiszyn.com\/wp-content\/uploads\/2021\/05\/Marek-Napio\u0301rkowski-KonKubiNap-300x269.jpg 300w, https:\/\/robertkubiszyn.com\/wp-content\/uploads\/2021\/05\/Marek-Napio\u0301rkowski-KonKubiNap-768x690.jpg 768w, https:\/\/robertkubiszyn.com\/wp-content\/uploads\/2021\/05\/Marek-Napio\u0301rkowski-KonKubiNap-1536x1379.jpg 1536w, https:\/\/robertkubiszyn.com\/wp-content\/uploads\/2021\/05\/Marek-Napio\u0301rkowski-KonKubiNap-1140x1024.jpg 1140w, https:\/\/robertkubiszyn.com\/wp-content\/uploads\/2021\/05\/Marek-Napio\u0301rkowski-KonKubiNap.jpg 1618w\" sizes=\"auto, (max-width: 1024px) 100vw, 1024px\" \/><figcaption class=\"wp-element-caption\">2011<\/figcaption><\/figure>\n\n\n\n<figure class=\"wp-block-image size-large\"><img loading=\"lazy\" decoding=\"async\" width=\"500\" height=\"496\" data-id=\"327\" src=\"https:\/\/robertkubiszyn.com\/wp-content\/uploads\/2021\/05\/Marek-Napio\u0301rkowski-Nap.jpg\" alt=\"\" class=\"wp-image-327\" srcset=\"https:\/\/robertkubiszyn.com\/wp-content\/uploads\/2021\/05\/Marek-Napio\u0301rkowski-Nap.jpg 500w, https:\/\/robertkubiszyn.com\/wp-content\/uploads\/2021\/05\/Marek-Napio\u0301rkowski-Nap-300x298.jpg 300w, https:\/\/robertkubiszyn.com\/wp-content\/uploads\/2021\/05\/Marek-Napio\u0301rkowski-Nap-150x150.jpg 150w, https:\/\/robertkubiszyn.com\/wp-content\/uploads\/2021\/05\/Marek-Napio\u0301rkowski-Nap-75x75.jpg 75w\" sizes=\"auto, (max-width: 500px) 100vw, 500px\" \/><figcaption class=\"wp-element-caption\">2005<\/figcaption><\/figure>\n<\/figure>\n\n\n\n<h2 class=\"wp-block-heading has-text-align-center\">Edycja<\/h2>\n\n\n\n<figure class=\"wp-block-gallery has-nested-images columns-default is-cropped wp-block-gallery-4 is-layout-flex wp-block-gallery-is-layout-flex\">\n<figure class=\"wp-block-image size-large\"><img loading=\"lazy\" decoding=\"async\" width=\"1024\" height=\"1024\" data-id=\"632\" src=\"https:\/\/robertkubiszyn.com\/wp-content\/uploads\/2024\/02\/2023-1024x1024.jpg\" alt=\"\" class=\"wp-image-632\" srcset=\"https:\/\/robertkubiszyn.com\/wp-content\/uploads\/2024\/02\/2023-1024x1024.jpg 1024w, https:\/\/robertkubiszyn.com\/wp-content\/uploads\/2024\/02\/2023-300x300.jpg 300w, https:\/\/robertkubiszyn.com\/wp-content\/uploads\/2024\/02\/2023-150x150.jpg 150w, https:\/\/robertkubiszyn.com\/wp-content\/uploads\/2024\/02\/2023-768x768.jpg 768w, https:\/\/robertkubiszyn.com\/wp-content\/uploads\/2024\/02\/2023-1536x1536.jpg 1536w, https:\/\/robertkubiszyn.com\/wp-content\/uploads\/2024\/02\/2023-2048x2048.jpg 2048w, https:\/\/robertkubiszyn.com\/wp-content\/uploads\/2024\/02\/2023-1140x1140.jpg 1140w, https:\/\/robertkubiszyn.com\/wp-content\/uploads\/2024\/02\/2023-75x75.jpg 75w\" sizes=\"auto, (max-width: 1024px) 100vw, 1024px\" \/><figcaption class=\"wp-element-caption\">2023<\/figcaption><\/figure>\n\n\n\n<figure class=\"wp-block-image size-large\"><img loading=\"lazy\" decoding=\"async\" width=\"1024\" height=\"1024\" data-id=\"678\" src=\"https:\/\/robertkubiszyn.com\/wp-content\/uploads\/2025\/02\/Marek-Napiorkowski-String-Theory-1024x1024.jpg\" alt=\"\" class=\"wp-image-678\" srcset=\"https:\/\/robertkubiszyn.com\/wp-content\/uploads\/2025\/02\/Marek-Napiorkowski-String-Theory-1024x1024.jpg 1024w, https:\/\/robertkubiszyn.com\/wp-content\/uploads\/2025\/02\/Marek-Napiorkowski-String-Theory-300x300.jpg 300w, https:\/\/robertkubiszyn.com\/wp-content\/uploads\/2025\/02\/Marek-Napiorkowski-String-Theory-150x150.jpg 150w, https:\/\/robertkubiszyn.com\/wp-content\/uploads\/2025\/02\/Marek-Napiorkowski-String-Theory-768x768.jpg 768w, https:\/\/robertkubiszyn.com\/wp-content\/uploads\/2025\/02\/Marek-Napiorkowski-String-Theory-1536x1536.jpg 1536w, https:\/\/robertkubiszyn.com\/wp-content\/uploads\/2025\/02\/Marek-Napiorkowski-String-Theory-2048x2048.jpg 2048w, https:\/\/robertkubiszyn.com\/wp-content\/uploads\/2025\/02\/Marek-Napiorkowski-String-Theory-1140x1140.jpg 1140w, https:\/\/robertkubiszyn.com\/wp-content\/uploads\/2025\/02\/Marek-Napiorkowski-String-Theory-75x75.jpg 75w\" sizes=\"auto, (max-width: 1024px) 100vw, 1024px\" \/><figcaption class=\"wp-element-caption\">2022<\/figcaption><\/figure>\n\n\n\n<figure class=\"wp-block-image size-large\"><img loading=\"lazy\" decoding=\"async\" width=\"1024\" height=\"914\" data-id=\"593\" src=\"https:\/\/robertkubiszyn.com\/wp-content\/uploads\/2024\/02\/Krzysztof-Napiorkowski-CV-2022JPG-1-1024x914.jpg\" alt=\"\" class=\"wp-image-593\" srcset=\"https:\/\/robertkubiszyn.com\/wp-content\/uploads\/2024\/02\/Krzysztof-Napiorkowski-CV-2022JPG-1-1024x914.jpg 1024w, https:\/\/robertkubiszyn.com\/wp-content\/uploads\/2024\/02\/Krzysztof-Napiorkowski-CV-2022JPG-1-300x268.jpg 300w, https:\/\/robertkubiszyn.com\/wp-content\/uploads\/2024\/02\/Krzysztof-Napiorkowski-CV-2022JPG-1-768x685.jpg 768w, https:\/\/robertkubiszyn.com\/wp-content\/uploads\/2024\/02\/Krzysztof-Napiorkowski-CV-2022JPG-1-1536x1370.jpg 1536w, https:\/\/robertkubiszyn.com\/wp-content\/uploads\/2024\/02\/Krzysztof-Napiorkowski-CV-2022JPG-1-1140x1017.jpg 1140w, https:\/\/robertkubiszyn.com\/wp-content\/uploads\/2024\/02\/Krzysztof-Napiorkowski-CV-2022JPG-1.jpg 1642w\" sizes=\"auto, (max-width: 1024px) 100vw, 1024px\" \/><figcaption class=\"wp-element-caption\">2022<\/figcaption><\/figure>\n\n\n\n<figure class=\"wp-block-image size-large\"><img loading=\"lazy\" decoding=\"async\" width=\"750\" height=\"750\" data-id=\"631\" src=\"https:\/\/robertkubiszyn.com\/wp-content\/uploads\/2024\/02\/2021.jpg\" alt=\"\" class=\"wp-image-631\" srcset=\"https:\/\/robertkubiszyn.com\/wp-content\/uploads\/2024\/02\/2021.jpg 750w, https:\/\/robertkubiszyn.com\/wp-content\/uploads\/2024\/02\/2021-300x300.jpg 300w, https:\/\/robertkubiszyn.com\/wp-content\/uploads\/2024\/02\/2021-150x150.jpg 150w, https:\/\/robertkubiszyn.com\/wp-content\/uploads\/2024\/02\/2021-75x75.jpg 75w\" sizes=\"auto, (max-width: 750px) 100vw, 750px\" \/><figcaption class=\"wp-element-caption\">2021<\/figcaption><\/figure>\n\n\n\n<figure class=\"wp-block-image size-large\"><img loading=\"lazy\" decoding=\"async\" width=\"544\" height=\"544\" data-id=\"679\" src=\"https:\/\/robertkubiszyn.com\/wp-content\/uploads\/2025\/02\/Marek-Napiorkowski-Hipokamp.webp\" alt=\"\" class=\"wp-image-679\" srcset=\"https:\/\/robertkubiszyn.com\/wp-content\/uploads\/2025\/02\/Marek-Napiorkowski-Hipokamp.webp 544w, https:\/\/robertkubiszyn.com\/wp-content\/uploads\/2025\/02\/Marek-Napiorkowski-Hipokamp-300x300.webp 300w, https:\/\/robertkubiszyn.com\/wp-content\/uploads\/2025\/02\/Marek-Napiorkowski-Hipokamp-150x150.webp 150w, https:\/\/robertkubiszyn.com\/wp-content\/uploads\/2025\/02\/Marek-Napiorkowski-Hipokamp-75x75.webp 75w\" sizes=\"auto, (max-width: 544px) 100vw, 544px\" \/><figcaption class=\"wp-element-caption\">2019<\/figcaption><\/figure>\n\n\n\n<figure class=\"wp-block-image size-large\"><img loading=\"lazy\" decoding=\"async\" width=\"1024\" height=\"911\" data-id=\"239\" src=\"https:\/\/robertkubiszyn.com\/wp-content\/uploads\/2021\/05\/Agnieszka-Hekiert-Stories-e1621602495688-1024x911.jpg\" alt=\"\" class=\"wp-image-239\" srcset=\"https:\/\/robertkubiszyn.com\/wp-content\/uploads\/2021\/05\/Agnieszka-Hekiert-Stories-e1621602495688-1024x911.jpg 1024w, https:\/\/robertkubiszyn.com\/wp-content\/uploads\/2021\/05\/Agnieszka-Hekiert-Stories-e1621602495688-300x267.jpg 300w, https:\/\/robertkubiszyn.com\/wp-content\/uploads\/2021\/05\/Agnieszka-Hekiert-Stories-e1621602495688-768x683.jpg 768w, https:\/\/robertkubiszyn.com\/wp-content\/uploads\/2021\/05\/Agnieszka-Hekiert-Stories-e1621602495688-1140x1014.jpg 1140w, https:\/\/robertkubiszyn.com\/wp-content\/uploads\/2021\/05\/Agnieszka-Hekiert-Stories-e1621602495688.jpg 1214w\" sizes=\"auto, (max-width: 1024px) 100vw, 1024px\" \/><figcaption class=\"wp-element-caption\">2012<\/figcaption><\/figure>\n\n\n\n<figure class=\"wp-block-image size-large\"><img loading=\"lazy\" decoding=\"async\" width=\"650\" height=\"588\" data-id=\"240\" src=\"https:\/\/robertkubiszyn.com\/wp-content\/uploads\/2021\/05\/Ania-Szarmach-Pozytywka.jpg\" alt=\"\" class=\"wp-image-240\" srcset=\"https:\/\/robertkubiszyn.com\/wp-content\/uploads\/2021\/05\/Ania-Szarmach-Pozytywka.jpg 650w, https:\/\/robertkubiszyn.com\/wp-content\/uploads\/2021\/05\/Ania-Szarmach-Pozytywka-300x271.jpg 300w\" sizes=\"auto, (max-width: 650px) 100vw, 650px\" \/><figcaption class=\"wp-element-caption\">2012<\/figcaption><\/figure>\n\n\n\n<figure class=\"wp-block-image size-large\"><img loading=\"lazy\" decoding=\"async\" width=\"510\" height=\"347\" data-id=\"272\" src=\"https:\/\/robertkubiszyn.com\/wp-content\/uploads\/2021\/05\/Ania-Szarmach-Inna.jpg\" alt=\"\" class=\"wp-image-272\" srcset=\"https:\/\/robertkubiszyn.com\/wp-content\/uploads\/2021\/05\/Ania-Szarmach-Inna.jpg 510w, https:\/\/robertkubiszyn.com\/wp-content\/uploads\/2021\/05\/Ania-Szarmach-Inna-300x204.jpg 300w\" sizes=\"auto, (max-width: 510px) 100vw, 510px\" \/><figcaption class=\"wp-element-caption\">2010<\/figcaption><\/figure>\n<\/figure>\n\n\n\n<h1 class=\"wp-block-heading has-text-align-center\">Fotografia<\/h1>\n\n\n\n<p class=\"has-text-align-center\" style=\"font-size:23px\">Ok\u0142adka albumu, ADAM PIERONCZYK \/ OAXACA CONSTELLATION<\/p>\n\n\n\n<figure class=\"wp-block-image size-large\"><img loading=\"lazy\" decoding=\"async\" width=\"1024\" height=\"928\" src=\"https:\/\/robertkubiszyn.com\/wp-content\/uploads\/2024\/02\/ADAM-PIERONCZYK-OAXACA-CONSTELLATION-1024x928.jpg\" alt=\"\" class=\"wp-image-634\" srcset=\"https:\/\/robertkubiszyn.com\/wp-content\/uploads\/2024\/02\/ADAM-PIERONCZYK-OAXACA-CONSTELLATION-1024x928.jpg 1024w, https:\/\/robertkubiszyn.com\/wp-content\/uploads\/2024\/02\/ADAM-PIERONCZYK-OAXACA-CONSTELLATION-300x272.jpg 300w, https:\/\/robertkubiszyn.com\/wp-content\/uploads\/2024\/02\/ADAM-PIERONCZYK-OAXACA-CONSTELLATION-768x696.jpg 768w, https:\/\/robertkubiszyn.com\/wp-content\/uploads\/2024\/02\/ADAM-PIERONCZYK-OAXACA-CONSTELLATION-1140x1034.jpg 1140w, https:\/\/robertkubiszyn.com\/wp-content\/uploads\/2024\/02\/ADAM-PIERONCZYK-OAXACA-CONSTELLATION.jpg 1200w\" sizes=\"auto, (max-width: 1024px) 100vw, 1024px\" \/><\/figure>\n","protected":false},"excerpt":{"rendered":"<p>Edycja, miks, mastering Muzyka filmowa Produkcja, aran\u017cacje, sound design, realizacja, edycja, miks Fred Baillif, muz. Gregoire Maret Wsp\u00f3\u0142produkcja, edycja Edycja Fotografia Ok\u0142adka albumu, ADAM PIERONCZYK \/ OAXACA CONSTELLATION<\/p>\n","protected":false},"author":3,"featured_media":0,"parent":0,"menu_order":0,"comment_status":"closed","ping_status":"closed","template":"","meta":{"footnotes":""},"class_list":["post-601","page","type-page","status-publish","hentry"],"acf":[],"_links":{"self":[{"href":"https:\/\/robertkubiszyn.com\/index.php\/wp-json\/wp\/v2\/pages\/601","targetHints":{"allow":["GET"]}}],"collection":[{"href":"https:\/\/robertkubiszyn.com\/index.php\/wp-json\/wp\/v2\/pages"}],"about":[{"href":"https:\/\/robertkubiszyn.com\/index.php\/wp-json\/wp\/v2\/types\/page"}],"author":[{"embeddable":true,"href":"https:\/\/robertkubiszyn.com\/index.php\/wp-json\/wp\/v2\/users\/3"}],"replies":[{"embeddable":true,"href":"https:\/\/robertkubiszyn.com\/index.php\/wp-json\/wp\/v2\/comments?post=601"}],"version-history":[{"count":25,"href":"https:\/\/robertkubiszyn.com\/index.php\/wp-json\/wp\/v2\/pages\/601\/revisions"}],"predecessor-version":[{"id":685,"href":"https:\/\/robertkubiszyn.com\/index.php\/wp-json\/wp\/v2\/pages\/601\/revisions\/685"}],"wp:attachment":[{"href":"https:\/\/robertkubiszyn.com\/index.php\/wp-json\/wp\/v2\/media?parent=601"}],"curies":[{"name":"wp","href":"https:\/\/api.w.org\/{rel}","templated":true}]}}