{"id":7,"date":"2021-05-10T13:06:26","date_gmt":"2021-05-10T11:06:26","guid":{"rendered":"https:\/\/robertkubiszyn.com\/?page_id=7"},"modified":"2026-02-05T13:11:24","modified_gmt":"2026-02-05T12:11:24","slug":"biografia","status":"publish","type":"page","link":"https:\/\/robertkubiszyn.com","title":{"rendered":"Biografia"},"content":{"rendered":"\n<p><strong>Robert Kubiszyn<\/strong>&nbsp;&#8211; jeden z najbardziej wszechstronnych i wzi\u0119tych kontrabasist\u00f3w oraz gitarzyst\u00f3w basowych tej cz\u0119\u015bci Europy. Kompozytor, aran\u017cer, producent muzyczny, realizator nagra\u0144. W jego dyskografii znajduje si\u0119 ponad 150 album\u00f3w.&nbsp;<\/p>\n\n\n\n<p>Debiutancki, autorski album &#8222;<em>Before Sunrise<\/em>&#8221; okrzykni\u0119to Wydarzeniem Roku i nagrodzono presti\u017cow\u0105 statuetk\u0105 Fryderyka 2011 za najlepszy debiut.<\/p>\n\n\n\n<p>Laureat pierwszego miejsca w ankiecie czytelnik\u00f3w czasopisma&nbsp;<em>Jazz Forum<\/em>&nbsp;\u2013&nbsp;<em>Jazz Top 2023<\/em>&nbsp;w kategorii gitara basowa roku.<\/p>\n\n\n\n<p>Od 2024 roku wyk\u0142adowca w klasie jazzowej gitary basowej na Uniwersytecie Muzycznym Fryderyka Chopina w Warszawie.<\/p>\n\n\n\n<p>Jego wieloletnia wsp\u00f3\u0142praca z Ann\u0105 Mari\u0105 Jopek (od 2002 roku) zaowocowa\u0142a nagraniem jedenastu album\u00f3w oraz koncertami na najwa\u017cniejszych scenach \u015bwiata z najwi\u0119kszymi artystami sceny improwizowanej, takimi jak: Pat Metheny, Makoto Ozone, Gonzalo Rubalcaba, Branford Marsalis, Gil Goldstein, Mino Cinelu, Dhafer Youseff, Richard Bona. W 2015 roku Robert wraz z Ann\u0105 Mari\u0105 stworzyli muzyk\u0119 do spektaklu Leszka M\u0105dzika \u201c<em>Czas Kobiety<\/em>\u201d wystawianego w Teatrze Starym w Lublinie, w kt\u00f3rym r\u00f3wnie\u017c wsp\u00f3lnie wyst\u0119powali. Zwie\u0144czeniem tej wsp\u00f3\u0142pracy jest p\u0142yta wydana w 2017 roku pod tym samym tytu\u0142em.<\/p>\n\n\n\n<p>Od 2011 roku stale wsp\u00f3\u0142pracuje z Gregoire Maretem (wybitnym ameryka\u0144skim wirtuozem harmonijki ustnej znanym ze wsp\u00f3\u0142pracy z legendami jazzu, takimi jak Herbie Hancock, Pat Metheny czy Marcus Miller) wielokrotnie wyst\u0119puj\u0105c w jego zespole podczas mi\u0119dzynarodowych tras koncertowych u boku czo\u0142owych gwiazd \u015bwiatowego jazzu, takimi jak: Jeff \u201cTain\u201d Watts, Manu Katch\u00e9, Mino Cinelu, Clarence Penn, Eric Harland, Kendrick Scott, Marcus Baylor, Arthur Hnatek, Magnus \u00d6str\u00d6m, Federico Gonzalez Pena, Jon Cowherd, John Beasley, Bobby Sparks, Kevin Hays, Jason Rebello, Romain Colin, Liz Wright, Christie Dashiell, David Linx, Till Br\u00f6nner.\u00a0<\/p>\n\n\n\n<p>W 2018 roku zosta\u0142 zaproszony na tras\u0119 koncertow\u0105 po Japonii z zespo\u0142em Makoto Ozone Trio (jednym z najwybitniejszych pianist\u00f3w i kompozytor\u00f3w wsp\u00f3\u0142czesnej muzyki jazzowej, uznawanym za gwiazd\u0119 \u015bwiatowego formatu, znanym z wsp\u00f3\u0142pracy z takimi gigantami jak Gary Burton, Branford Marsalis czy Chick Corea) razem z cenionym ameryka\u0144skim perkusist\u0105 Clarence&#8217;em Pennem oraz Tokijsk\u0105 Orkiestr\u0105 Symfoniczn\u0105.<\/p>\n\n\n\n<p>W 2019 wzi\u0105\u0142 udzia\u0142 w wyj\u0105tkowych koncertach z Orkiestr\u0105 Filharmonii Szczeci\u0144skiej \u201e<em>Tribute To Quincy Jones<\/em>\u201d, dziel\u0105c scen\u0119 z Jacobem Collierem, Alfredo Rodriguezem, Pedrito Martinezem, pod batut\u0105 Jamesa Buckleya oraz z Laur\u0105 Mvul\u0105 pod kierownictwem Troya Millera.&nbsp;<\/p>\n\n\n\n<p>Na sta\u0142e Kubiszyn wsp\u00f3\u0142pracuje tak\u017ce z Krzysztofem Cugowskim, Krzysztofem Herdzinem, Henrykiem i Dorot\u0105 Mi\u015bkiewicz, Markiem Napi\u00f3rkowskim, Grzegorzem Turnauem.&nbsp;<\/p>\n\n\n\n<p>Jako sideman wyst\u0105pi\u0142 w dziesi\u0105tkach nagra\u0144 i koncert\u00f3w dla najwa\u017cniejszych postaci sceny muzycznej w Polsce i za granic\u0105, byli to m.in. Vinnie Colaiuta, Clarence Penn, Gary Husband, Dean Brown, Takuya Kuroda, Frank McComb, Adam Piero\u0144czyk, Tomasz Sta\u0144ko, Janusz Muniak, Jaros\u0142aw \u015amietana, Zbigniew Namys\u0142owski, Micha\u0142 Urbaniak, Ewa Bem, Urszula Dudziak, Natalia Kukulska, Anna Jurksztowicz, Ania Szarmach, Mieczys\u0142aw Szcze\u015bniak, Kuba Badach, Krzysztof Napi\u00f3rkowski.<\/p>\n\n\n\n<p>W jego dokonaniach jako producenta nale\u017cy wymieni\u0107 m.in.: Mi\u0119dzynarodowy album Michaela &#8222;Patchesa&#8221; Stewarta \u201c<em>On Fire<\/em>\u201d w kt\u00f3rym opr\u00f3cz lidera mo\u017cemy us\u0142ysze\u0107 takie ikony jazzu jak Kenny Garrett, Raul Midon, George Duke, Paul Jackson jr czy Poggie Bell.&nbsp;<br>Jest tak\u017ce wsp\u00f3\u0142producentem czterech album\u00f3w gitarzysty Marka Napi\u00f3rkowskiego: \u201d<em>NAP<\/em>\u201d, &#8222;<em>Wolno<\/em>&#8222;, &#8222;<em>Konkubinap<\/em>&#8221; nagranych dla Universal Music i &#8222;<em>UP<\/em>&#8221; dla V-Records.<\/p>\n\n\n\n<p>Wsp\u00f3lnie z Gregoire Maretem, zaanga\u017cowany by\u0142 w proces tworzenia muzyki, oraz realizowa\u0142 nagrania i zmiksowa\u0142 \u015bcie\u017cki d\u017awi\u0119kowe do dw\u00f3ch film\u00f3w stworzonych przez szwajcarskiego re\u017cysera Freda Baillifa: \u201c<em>La Preuve Scientifique de L&#8217;Existence de Dieu<\/em>\u201d(2019) w kt\u00f3rym wyst\u0119puje uznana francuska aktorka Ir\u00e8ne Jacob oraz \u201c<em>La mif<\/em>\u201d(2021) kt\u00f3ry w roku 2022 zdoby\u0142 nagrod\u0119 Berlin International Film Festival.<\/p>\n\n\n\n<p>Przy produkcji album\u00f3w innych artyst\u00f3w, Robert wykaza\u0142 si\u0119 umiej\u0119tno\u015bciami pracy z d\u017awi\u0119kiem, miksuj\u0105c i masteruj\u0105c nast\u0119puj\u0105ce realizacje: Cezary Konrad &#8211; \u201c<em>On Classical<\/em>\u201d, Krzysztof Dziedzic &#8211; \u201c<em>Tempo<\/em>\u201d, Daniel Popia\u0142kiewicz- \u201c<em>Nada<\/em>\u201d, Anna Jurksztowicz &#8211; \u201c<em>Dzi\u0119kuj\u0119 nie ta\u0144cz\u0119 Live 21<\/em>\u201d, Andrzej Gondek &#8211; \u201c<em>MAZE<\/em>\u201d, Andrzej \u015awi\u0119s &#8211; \u201c<em>Flying Lion<\/em>\u201d, Krzysztof Herdzin &#8211; \u201c<em>Heart to Heart<\/em>\u201d.<\/p>\n\n\n\n<p><\/p>\n","protected":false},"excerpt":{"rendered":"<p>Robert Kubiszyn&nbsp;&#8211; jeden z najbardziej wszechstronnych i wzi\u0119tych kontrabasist\u00f3w oraz gitarzyst\u00f3w basowych tej cz\u0119\u015bci Europy. Kompozytor, aran\u017cer, producent muzyczny, realizator nagra\u0144. W jego dyskografii znajduje si\u0119 ponad 150 album\u00f3w.&nbsp; Debiutancki, autorski album &#8222;Before Sunrise&#8221; okrzykni\u0119to Wydarzeniem Roku i nagrodzono presti\u017cow\u0105 statuetk\u0105 Fryderyka 2011 za najlepszy debiut. Laureat pierwszego miejsca w ankiecie czytelnik\u00f3w czasopisma&nbsp;Jazz Forum&nbsp;\u2013&nbsp;Jazz Top 2023&nbsp;w kategorii gitara basowa roku. Od 2024 roku wyk\u0142adowca w klasie jazzowej gitary basowej na Uniwersytecie Muzycznym Fryderyka Chopina w Warszawie. Jego wieloletnia wsp\u00f3\u0142praca z Ann\u0105 Mari\u0105 Jopek (od 2002 roku) zaowocowa\u0142a nagraniem jedenastu album\u00f3w oraz koncertami na najwa\u017cniejszych scenach \u015bwiata z najwi\u0119kszymi artystami sceny improwizowanej, takimi jak: Pat Metheny, Makoto Ozone, Gonzalo Rubalcaba, Branford Marsalis, Gil Goldstein, Mino Cinelu, Dhafer Youseff, Richard Bona. W 2015 roku Robert wraz z Ann\u0105 Mari\u0105 stworzyli muzyk\u0119 do spektaklu Leszka M\u0105dzika \u201cCzas Kobiety\u201d wystawianego w Teatrze Starym w Lublinie, w kt\u00f3rym r\u00f3wnie\u017c wsp\u00f3lnie wyst\u0119powali. Zwie\u0144czeniem tej wsp\u00f3\u0142pracy jest p\u0142yta wydana w 2017 roku pod tym samym tytu\u0142em. Od 2011 roku stale wsp\u00f3\u0142pracuje z Gregoire Maretem (wybitnym ameryka\u0144skim wirtuozem harmonijki ustnej znanym ze wsp\u00f3\u0142pracy z legendami jazzu, takimi jak Herbie Hancock, Pat Metheny czy Marcus Miller) wielokrotnie wyst\u0119puj\u0105c w jego zespole podczas mi\u0119dzynarodowych tras koncertowych u boku czo\u0142owych gwiazd \u015bwiatowego jazzu, takimi jak: Jeff \u201cTain\u201d Watts, Manu Katch\u00e9, Mino Cinelu, Clarence Penn, Eric Harland, Kendrick Scott, Marcus Baylor, Arthur Hnatek, Magnus \u00d6str\u00d6m, Federico Gonzalez Pena, Jon Cowherd, John Beasley, Bobby Sparks, Kevin Hays, Jason Rebello, Romain Colin, Liz Wright, Christie Dashiell, David Linx, Till Br\u00f6nner.\u00a0 W 2018 roku zosta\u0142 zaproszony na tras\u0119 koncertow\u0105 po Japonii z zespo\u0142em Makoto Ozone Trio (jednym z najwybitniejszych pianist\u00f3w i kompozytor\u00f3w wsp\u00f3\u0142czesnej muzyki jazzowej, uznawanym za gwiazd\u0119 \u015bwiatowego formatu, znanym z wsp\u00f3\u0142pracy z takimi gigantami jak Gary Burton, Branford Marsalis czy Chick Corea) razem z cenionym ameryka\u0144skim perkusist\u0105 Clarence&#8217;em Pennem oraz Tokijsk\u0105 Orkiestr\u0105 Symfoniczn\u0105. W 2019 wzi\u0105\u0142 udzia\u0142 w wyj\u0105tkowych koncertach z Orkiestr\u0105 Filharmonii Szczeci\u0144skiej \u201eTribute To Quincy Jones\u201d, dziel\u0105c scen\u0119 z Jacobem Collierem, Alfredo Rodriguezem, Pedrito Martinezem, pod batut\u0105 Jamesa Buckleya oraz z Laur\u0105 Mvul\u0105 pod kierownictwem Troya Millera.&nbsp; Na sta\u0142e Kubiszyn wsp\u00f3\u0142pracuje tak\u017ce z Krzysztofem Cugowskim, Krzysztofem Herdzinem, Henrykiem i Dorot\u0105 Mi\u015bkiewicz, Markiem Napi\u00f3rkowskim, Grzegorzem Turnauem.&nbsp; Jako sideman wyst\u0105pi\u0142 w dziesi\u0105tkach nagra\u0144 i koncert\u00f3w dla najwa\u017cniejszych postaci sceny muzycznej w Polsce i za granic\u0105, byli to m.in. Vinnie Colaiuta, Clarence Penn, Gary Husband, Dean Brown, Takuya Kuroda, Frank McComb, Adam Piero\u0144czyk, Tomasz Sta\u0144ko, Janusz Muniak, Jaros\u0142aw \u015amietana, Zbigniew Namys\u0142owski, Micha\u0142 Urbaniak, Ewa Bem, Urszula Dudziak, Natalia Kukulska, Anna Jurksztowicz, Ania Szarmach, Mieczys\u0142aw Szcze\u015bniak, Kuba Badach, Krzysztof Napi\u00f3rkowski. W jego dokonaniach jako producenta nale\u017cy wymieni\u0107 m.in.: Mi\u0119dzynarodowy album Michaela &#8222;Patchesa&#8221; Stewarta \u201cOn Fire\u201d w kt\u00f3rym opr\u00f3cz lidera mo\u017cemy us\u0142ysze\u0107 takie ikony jazzu jak Kenny Garrett, Raul Midon, George Duke, Paul Jackson jr czy Poggie Bell.&nbsp;Jest tak\u017ce wsp\u00f3\u0142producentem czterech album\u00f3w gitarzysty Marka Napi\u00f3rkowskiego: \u201dNAP\u201d, &#8222;Wolno&#8222;, &#8222;Konkubinap&#8221; nagranych dla Universal Music i &#8222;UP&#8221; dla V-Records. Wsp\u00f3lnie z Gregoire Maretem, zaanga\u017cowany by\u0142 w proces tworzenia muzyki, oraz realizowa\u0142 nagrania i zmiksowa\u0142 \u015bcie\u017cki d\u017awi\u0119kowe do dw\u00f3ch film\u00f3w stworzonych przez szwajcarskiego re\u017cysera Freda Baillifa: \u201cLa Preuve Scientifique de L&#8217;Existence de Dieu\u201d(2019) w kt\u00f3rym wyst\u0119puje uznana francuska aktorka Ir\u00e8ne Jacob oraz \u201cLa mif\u201d(2021) kt\u00f3ry w roku 2022 zdoby\u0142 nagrod\u0119 Berlin International Film Festival. Przy produkcji album\u00f3w innych artyst\u00f3w, Robert wykaza\u0142 si\u0119 umiej\u0119tno\u015bciami pracy z d\u017awi\u0119kiem, miksuj\u0105c i masteruj\u0105c nast\u0119puj\u0105ce realizacje: Cezary Konrad &#8211; \u201cOn Classical\u201d, Krzysztof Dziedzic &#8211; \u201cTempo\u201d, Daniel Popia\u0142kiewicz- \u201cNada\u201d, Anna Jurksztowicz &#8211; \u201cDzi\u0119kuj\u0119 nie ta\u0144cz\u0119 Live 21\u201d, Andrzej Gondek &#8211; \u201cMAZE\u201d, Andrzej \u015awi\u0119s &#8211; \u201cFlying Lion\u201d, Krzysztof Herdzin &#8211; \u201cHeart to Heart\u201d.<\/p>\n","protected":false},"author":1,"featured_media":0,"parent":0,"menu_order":0,"comment_status":"closed","ping_status":"closed","template":"","meta":{"footnotes":""},"class_list":["post-7","page","type-page","status-publish","hentry"],"acf":[],"_links":{"self":[{"href":"https:\/\/robertkubiszyn.com\/index.php\/wp-json\/wp\/v2\/pages\/7","targetHints":{"allow":["GET"]}}],"collection":[{"href":"https:\/\/robertkubiszyn.com\/index.php\/wp-json\/wp\/v2\/pages"}],"about":[{"href":"https:\/\/robertkubiszyn.com\/index.php\/wp-json\/wp\/v2\/types\/page"}],"author":[{"embeddable":true,"href":"https:\/\/robertkubiszyn.com\/index.php\/wp-json\/wp\/v2\/users\/1"}],"replies":[{"embeddable":true,"href":"https:\/\/robertkubiszyn.com\/index.php\/wp-json\/wp\/v2\/comments?post=7"}],"version-history":[{"count":21,"href":"https:\/\/robertkubiszyn.com\/index.php\/wp-json\/wp\/v2\/pages\/7\/revisions"}],"predecessor-version":[{"id":711,"href":"https:\/\/robertkubiszyn.com\/index.php\/wp-json\/wp\/v2\/pages\/7\/revisions\/711"}],"wp:attachment":[{"href":"https:\/\/robertkubiszyn.com\/index.php\/wp-json\/wp\/v2\/media?parent=7"}],"curies":[{"name":"wp","href":"https:\/\/api.w.org\/{rel}","templated":true}]}}